{"id":22474,"date":"2025-12-23T09:16:04","date_gmt":"2025-12-23T14:16:04","guid":{"rendered":"https:\/\/guleben.com\/?post_type=product&#038;p=22474"},"modified":"2026-03-27T15:52:57","modified_gmt":"2026-03-27T19:52:57","slug":"star-protect-dk-caja-x-30-stick-pack","status":"publish","type":"product","link":"https:\/\/guleben.com\/en\/tienda\/digestion\/star-protect-dk-caja-x-30-stick-pack\/","title":{"rendered":"Star Protect DK (caja x 30 stick pack)"},"content":{"rendered":"<p>STAR PROTECT<span style=\"font-weight: 400;\"> es una formulaci\u00f3n nutrac\u00e9utica que hace parte del mundo de los inmunobi\u00f3ticos basada en la ciencia de la microbiota intestinal, dise\u00f1ado para contribuir al equilibrio del sistema inmune a trav\u00e9s de la interacci\u00f3n funcional con el eje intestino\u2013inmunidad.Su formulaci\u00f3n est\u00e1 pensada para integrarse de forma natural al organismo, apoyando el bienestar general en diferentes etapas de la vida, especialmente en ni\u00f1os y adultos mayores.<\/span><\/p>\n<p><span style=\"font-weight: 400;\">Su desarrollo se fundamenta en investigaci\u00f3n cient\u00edfica y en la selecci\u00f3n de componentes funcionales de origen biol\u00f3gico, los probi\u00f3ticos tratados t\u00e9rmicamente (posbi\u00f3ticos) <\/span><i><span style=\"font-weight: 400;\">Lacticaseibacillus rhamnosus <\/span><\/i><span style=\"font-weight: 400;\">GG, <\/span><i><span style=\"font-weight: 400;\">Bifidobacterium lactis <\/span><\/i><span style=\"font-weight: 400;\">A026 y el probi\u00f3tico <\/span><i><span style=\"font-weight: 400;\">Bifidobacterium longum <\/span><\/i><span style=\"font-weight: 400;\">A730, que entregan 9 BUFC, integr\u00e1ndose como apoyo nutricional dentro de un enfoque de bienestar integral y h\u00e1bitos saludables.<\/span><\/p>\n<h6><b>\u00bfPor qu\u00e9 usar STAR PROTECT?<\/b><\/h6>\n<ul>\n<li style=\"font-weight: 400;\" aria-level=\"1\"><b>Formulaci\u00f3n basada en microbiota intestinal<\/b><b><br \/>\n<\/b><span style=\"font-weight: 400;\">Dise\u00f1ado para interactuar funcionalmente con la microbiota como eje clave del equilibrio del sistema inmune.<\/span><\/li>\n<li style=\"font-weight: 400;\" aria-level=\"1\"><b>Apoyo nutricional para distintas etapas de la vida<\/b><b><br \/>\n<\/b><span style=\"font-weight: 400;\">Acompa\u00f1a el bienestar en ni\u00f1os y adultos mayores como parte de un enfoque integral de cuidado diario.<\/span><\/li>\n<li style=\"font-weight: 400;\" aria-level=\"1\"><b>Ingredientes funcionales de origen biol\u00f3gico<\/b><b><br \/>\n<\/b><span style=\"font-weight: 400;\">Elaborado con componentes seleccionados bajo criterios cient\u00edficos de calidad, seguridad y funcionalidad.<\/span><\/li>\n<\/ul>\n<h6><b>\u00bfC\u00f3mo usar STAR PROTECT?<\/b><\/h6>\n<p><span style=\"font-weight: 400;\">Disolver un stickpack en un vaso de 200ml de agua.\u00a0 para consumir en cualquier momento del d\u00eda.<\/span><\/p>\n<h6><b>Registro sanitario INVIMA<\/b><\/h6>\n<p><span style=\"font-weight: 400;\">PSA-0005578-2025<\/span><\/p>\n<p><i><span style=\"font-weight: 400;\">STAR PROTECT es un nutrac\u00e9utico. No es un medicamento y no sustituye tratamientos m\u00e9dicos ni una alimentaci\u00f3n equilibrada.<\/span><\/i><\/p>","protected":false},"excerpt":{"rendered":"<div id=\"tns1-item0\" class=\"testimonial-item elementor-repeater-item-8edb0ec tns-item tns-slide-active\">\n<div class=\"testimonial-box hover-from-bottom\">\n<div class=\"comment-content\">\n<p><span style=\"font-weight: 400;\">Inmunobi\u00f3tico funcional. <\/span><span style=\"font-weight: 400;\">Cuidado que acompa\u00f1a. STAR PROTECT es un nutrac\u00e9utico desarrollado para acompa\u00f1ar a la microbiota intestinal y su interacci\u00f3n con el equilibrio del sistema inmune desde el intestino.<\/span><\/p>\n<\/div>\n<\/div>\n<\/div>","protected":false},"featured_media":22475,"template":"","meta":[],"product_brand":[],"product_cat":[50],"product_tag":[],"class_list":{"0":"post-22474","1":"product","2":"type-product","3":"status-publish","4":"has-post-thumbnail","6":"product_cat-digestion","8":"first","9":"instock","10":"featured","11":"shipping-taxable","12":"purchasable","13":"product-type-simple"},"yoast_head":"<!-- This site is optimized with the Yoast SEO plugin v27.2 - https:\/\/yoast.com\/product\/yoast-seo-wordpress\/ -->\n<title>Star Protect DK (caja x 30 stick pack) &#8211; Guleben<\/title>\n<meta name=\"description\" content=\"Inmunobi\u00f3tico funcional. Cuidado que acompa\u00f1a. STAR PROTECT es un nutrac\u00e9utico desarrollado para acompa\u00f1ar a la microbiota intestinal y su interacci\u00f3n con el equilibrio del sistema inmune desde el intestino.\" \/>\n<meta name=\"robots\" content=\"index, follow, max-snippet:-1, max-image-preview:large, max-video-preview:-1\" \/>\n<link rel=\"canonical\" href=\"https:\/\/guleben.com\/en\/tienda\/digestion\/star-protect-dk-caja-x-30-stick-pack\/\" \/>\n<meta property=\"og:locale\" content=\"en_US\" \/>\n<meta property=\"og:type\" content=\"article\" \/>\n<meta property=\"og:title\" content=\"Star Protect DK (caja x 30 stick pack) &#8211; Guleben\" \/>\n<meta property=\"og:description\" content=\"Inmunobi\u00f3tico funcional. Cuidado que acompa\u00f1a. STAR PROTECT es un nutrac\u00e9utico desarrollado para acompa\u00f1ar a la microbiota intestinal y su interacci\u00f3n con el equilibrio del sistema inmune desde el intestino.\" \/>\n<meta property=\"og:url\" content=\"https:\/\/guleben.com\/en\/tienda\/digestion\/star-protect-dk-caja-x-30-stick-pack\/\" \/>\n<meta property=\"og:site_name\" content=\"Guleben\" \/>\n<meta property=\"article:publisher\" content=\"https:\/\/www.facebook.com\/imfencolombia\/\" \/>\n<meta property=\"article:modified_time\" content=\"2026-03-27T19:52:57+00:00\" \/>\n<meta property=\"og:image\" content=\"https:\/\/guleben.com\/wp-content\/uploads\/2025\/12\/Star-Protect-DK-01.webp\" \/>\n\t<meta property=\"og:image:width\" content=\"2393\" \/>\n\t<meta property=\"og:image:height\" content=\"2393\" \/>\n\t<meta property=\"og:image:type\" content=\"image\/webp\" \/>\n<meta name=\"twitter:card\" content=\"summary_large_image\" \/>\n<meta name=\"twitter:label1\" content=\"Est. reading time\" \/>\n\t<meta name=\"twitter:data1\" content=\"1 minute\" \/>\n<script type=\"application\/ld+json\" class=\"yoast-schema-graph\">{\"@context\":\"https:\/\/schema.org\",\"@graph\":[{\"@type\":\"WebPage\",\"@id\":\"https:\/\/guleben.com\/tienda\/digestion\/star-protect-dk-caja-x-30-stick-pack\/\",\"url\":\"https:\/\/guleben.com\/tienda\/digestion\/star-protect-dk-caja-x-30-stick-pack\/\",\"name\":\"Star Protect DK (caja x 30 stick pack) &#8211; Guleben\",\"isPartOf\":{\"@id\":\"https:\/\/guleben.com\/#website\"},\"primaryImageOfPage\":{\"@id\":\"https:\/\/guleben.com\/tienda\/digestion\/star-protect-dk-caja-x-30-stick-pack\/#primaryimage\"},\"image\":{\"@id\":\"https:\/\/guleben.com\/tienda\/digestion\/star-protect-dk-caja-x-30-stick-pack\/#primaryimage\"},\"thumbnailUrl\":\"https:\/\/guleben.com\/wp-content\/uploads\/2025\/12\/Star-Protect-DK-01.webp\",\"datePublished\":\"2025-12-23T14:16:04+00:00\",\"dateModified\":\"2026-03-27T19:52:57+00:00\",\"description\":\"Inmunobi\u00f3tico funcional. Cuidado que acompa\u00f1a. STAR PROTECT es un nutrac\u00e9utico desarrollado para acompa\u00f1ar a la microbiota intestinal y su interacci\u00f3n con el equilibrio del sistema inmune desde el intestino.\",\"breadcrumb\":{\"@id\":\"https:\/\/guleben.com\/tienda\/digestion\/star-protect-dk-caja-x-30-stick-pack\/#breadcrumb\"},\"inLanguage\":\"en-US\",\"potentialAction\":[{\"@type\":\"ReadAction\",\"target\":[\"https:\/\/guleben.com\/tienda\/digestion\/star-protect-dk-caja-x-30-stick-pack\/\"]}]},{\"@type\":\"ImageObject\",\"inLanguage\":\"en-US\",\"@id\":\"https:\/\/guleben.com\/tienda\/digestion\/star-protect-dk-caja-x-30-stick-pack\/#primaryimage\",\"url\":\"https:\/\/guleben.com\/wp-content\/uploads\/2025\/12\/Star-Protect-DK-01.webp\",\"contentUrl\":\"https:\/\/guleben.com\/wp-content\/uploads\/2025\/12\/Star-Protect-DK-01.webp\",\"width\":2393,\"height\":2393},{\"@type\":\"BreadcrumbList\",\"@id\":\"https:\/\/guleben.com\/tienda\/digestion\/star-protect-dk-caja-x-30-stick-pack\/#breadcrumb\",\"itemListElement\":[{\"@type\":\"ListItem\",\"position\":1,\"name\":\"Inicio\",\"item\":\"https:\/\/guleben.com\/\"},{\"@type\":\"ListItem\",\"position\":2,\"name\":\"Tienda\",\"item\":\"https:\/\/guleben.com\/tienda\/\"},{\"@type\":\"ListItem\",\"position\":3,\"name\":\"Digesti\u00f3n\",\"item\":\"https:\/\/guleben.com\/tienda\/categoria-producto\/digestion\/\"},{\"@type\":\"ListItem\",\"position\":4,\"name\":\"Star Protect DK (caja x 30 stick pack)\"}]},{\"@type\":\"WebSite\",\"@id\":\"https:\/\/guleben.com\/#website\",\"url\":\"https:\/\/guleben.com\/\",\"name\":\"Guleben\",\"description\":\"Nutraceutical biotechnology\",\"publisher\":{\"@id\":\"https:\/\/guleben.com\/#organization\"},\"alternateName\":\"Guleben\",\"potentialAction\":[{\"@type\":\"SearchAction\",\"target\":{\"@type\":\"EntryPoint\",\"urlTemplate\":\"https:\/\/guleben.com\/?s={search_term_string}\"},\"query-input\":{\"@type\":\"PropertyValueSpecification\",\"valueRequired\":true,\"valueName\":\"search_term_string\"}}],\"inLanguage\":\"en-US\"},{\"@type\":\"Organization\",\"@id\":\"https:\/\/guleben.com\/#organization\",\"name\":\"Guleben\",\"alternateName\":\"Guleben\",\"url\":\"https:\/\/guleben.com\/\",\"logo\":{\"@type\":\"ImageObject\",\"inLanguage\":\"en-US\",\"@id\":\"https:\/\/guleben.com\/#\/schema\/logo\/image\/\",\"url\":\"https:\/\/guleben.com\/wp-content\/uploads\/2026\/03\/Guleben-logo-01.webp\",\"contentUrl\":\"https:\/\/guleben.com\/wp-content\/uploads\/2026\/03\/Guleben-logo-01.webp\",\"width\":350,\"height\":100,\"caption\":\"Guleben\"},\"image\":{\"@id\":\"https:\/\/guleben.com\/#\/schema\/logo\/image\/\"},\"sameAs\":[\"https:\/\/www.facebook.com\/imfencolombia\/\",\"https:\/\/www.instagram.com\/imfencolombia\",\"https:\/\/www.youtube.com\/@imfencolombia\"]}]}<\/script>\n<!-- \/ Yoast SEO plugin. -->","yoast_head_json":{"title":"Star Protect DK (caja x 30 stick pack) &#8211; Guleben","description":"Inmunobi\u00f3tico funcional. Cuidado que acompa\u00f1a. STAR PROTECT es un nutrac\u00e9utico desarrollado para acompa\u00f1ar a la microbiota intestinal y su interacci\u00f3n con el equilibrio del sistema inmune desde el intestino.","robots":{"index":"index","follow":"follow","max-snippet":"max-snippet:-1","max-image-preview":"max-image-preview:large","max-video-preview":"max-video-preview:-1"},"canonical":"https:\/\/guleben.com\/en\/tienda\/digestion\/star-protect-dk-caja-x-30-stick-pack\/","og_locale":"en_US","og_type":"article","og_title":"Star Protect DK (caja x 30 stick pack) &#8211; Guleben","og_description":"Inmunobi\u00f3tico funcional. Cuidado que acompa\u00f1a. STAR PROTECT es un nutrac\u00e9utico desarrollado para acompa\u00f1ar a la microbiota intestinal y su interacci\u00f3n con el equilibrio del sistema inmune desde el intestino.","og_url":"https:\/\/guleben.com\/en\/tienda\/digestion\/star-protect-dk-caja-x-30-stick-pack\/","og_site_name":"Guleben","article_publisher":"https:\/\/www.facebook.com\/imfencolombia\/","article_modified_time":"2026-03-27T19:52:57+00:00","og_image":[{"width":2393,"height":2393,"url":"https:\/\/guleben.com\/wp-content\/uploads\/2025\/12\/Star-Protect-DK-01.webp","type":"image\/webp"}],"twitter_card":"summary_large_image","twitter_misc":{"Est. reading time":"1 minute"},"schema":{"@context":"https:\/\/schema.org","@graph":[{"@type":"WebPage","@id":"https:\/\/guleben.com\/tienda\/digestion\/star-protect-dk-caja-x-30-stick-pack\/","url":"https:\/\/guleben.com\/tienda\/digestion\/star-protect-dk-caja-x-30-stick-pack\/","name":"Star Protect DK (caja x 30 stick pack) &#8211; Guleben","isPartOf":{"@id":"https:\/\/guleben.com\/#website"},"primaryImageOfPage":{"@id":"https:\/\/guleben.com\/tienda\/digestion\/star-protect-dk-caja-x-30-stick-pack\/#primaryimage"},"image":{"@id":"https:\/\/guleben.com\/tienda\/digestion\/star-protect-dk-caja-x-30-stick-pack\/#primaryimage"},"thumbnailUrl":"https:\/\/guleben.com\/wp-content\/uploads\/2025\/12\/Star-Protect-DK-01.webp","datePublished":"2025-12-23T14:16:04+00:00","dateModified":"2026-03-27T19:52:57+00:00","description":"Inmunobi\u00f3tico funcional. Cuidado que acompa\u00f1a. STAR PROTECT es un nutrac\u00e9utico desarrollado para acompa\u00f1ar a la microbiota intestinal y su interacci\u00f3n con el equilibrio del sistema inmune desde el intestino.","breadcrumb":{"@id":"https:\/\/guleben.com\/tienda\/digestion\/star-protect-dk-caja-x-30-stick-pack\/#breadcrumb"},"inLanguage":"en-US","potentialAction":[{"@type":"ReadAction","target":["https:\/\/guleben.com\/tienda\/digestion\/star-protect-dk-caja-x-30-stick-pack\/"]}]},{"@type":"ImageObject","inLanguage":"en-US","@id":"https:\/\/guleben.com\/tienda\/digestion\/star-protect-dk-caja-x-30-stick-pack\/#primaryimage","url":"https:\/\/guleben.com\/wp-content\/uploads\/2025\/12\/Star-Protect-DK-01.webp","contentUrl":"https:\/\/guleben.com\/wp-content\/uploads\/2025\/12\/Star-Protect-DK-01.webp","width":2393,"height":2393},{"@type":"BreadcrumbList","@id":"https:\/\/guleben.com\/tienda\/digestion\/star-protect-dk-caja-x-30-stick-pack\/#breadcrumb","itemListElement":[{"@type":"ListItem","position":1,"name":"Inicio","item":"https:\/\/guleben.com\/"},{"@type":"ListItem","position":2,"name":"Tienda","item":"https:\/\/guleben.com\/tienda\/"},{"@type":"ListItem","position":3,"name":"Digesti\u00f3n","item":"https:\/\/guleben.com\/tienda\/categoria-producto\/digestion\/"},{"@type":"ListItem","position":4,"name":"Star Protect DK (caja x 30 stick pack)"}]},{"@type":"WebSite","@id":"https:\/\/guleben.com\/#website","url":"https:\/\/guleben.com\/","name":"Guleben","description":"Nutraceutical biotechnology","publisher":{"@id":"https:\/\/guleben.com\/#organization"},"alternateName":"Guleben","potentialAction":[{"@type":"SearchAction","target":{"@type":"EntryPoint","urlTemplate":"https:\/\/guleben.com\/?s={search_term_string}"},"query-input":{"@type":"PropertyValueSpecification","valueRequired":true,"valueName":"search_term_string"}}],"inLanguage":"en-US"},{"@type":"Organization","@id":"https:\/\/guleben.com\/#organization","name":"Guleben","alternateName":"Guleben","url":"https:\/\/guleben.com\/","logo":{"@type":"ImageObject","inLanguage":"en-US","@id":"https:\/\/guleben.com\/#\/schema\/logo\/image\/","url":"https:\/\/guleben.com\/wp-content\/uploads\/2026\/03\/Guleben-logo-01.webp","contentUrl":"https:\/\/guleben.com\/wp-content\/uploads\/2026\/03\/Guleben-logo-01.webp","width":350,"height":100,"caption":"Guleben"},"image":{"@id":"https:\/\/guleben.com\/#\/schema\/logo\/image\/"},"sameAs":["https:\/\/www.facebook.com\/imfencolombia\/","https:\/\/www.instagram.com\/imfencolombia","https:\/\/www.youtube.com\/@imfencolombia"]}]}},"_links":{"self":[{"href":"https:\/\/guleben.com\/en\/wp-json\/wp\/v2\/product\/22474","targetHints":{"allow":["GET"]}}],"collection":[{"href":"https:\/\/guleben.com\/en\/wp-json\/wp\/v2\/product"}],"about":[{"href":"https:\/\/guleben.com\/en\/wp-json\/wp\/v2\/types\/product"}],"wp:featuredmedia":[{"embeddable":true,"href":"https:\/\/guleben.com\/en\/wp-json\/wp\/v2\/media\/22475"}],"wp:attachment":[{"href":"https:\/\/guleben.com\/en\/wp-json\/wp\/v2\/media?parent=22474"}],"wp:term":[{"taxonomy":"product_brand","embeddable":true,"href":"https:\/\/guleben.com\/en\/wp-json\/wp\/v2\/product_brand?post=22474"},{"taxonomy":"product_cat","embeddable":true,"href":"https:\/\/guleben.com\/en\/wp-json\/wp\/v2\/product_cat?post=22474"},{"taxonomy":"product_tag","embeddable":true,"href":"https:\/\/guleben.com\/en\/wp-json\/wp\/v2\/product_tag?post=22474"}],"curies":[{"name":"wp","href":"https:\/\/api.w.org\/{rel}","templated":true}]}}