{"id":21715,"date":"2025-11-10T15:22:08","date_gmt":"2025-11-10T20:22:08","guid":{"rendered":"https:\/\/guleben.com\/?page_id=21715"},"modified":"2026-03-27T15:35:37","modified_gmt":"2026-03-27T19:35:37","slug":"politica-de-envio","status":"publish","type":"page","link":"https:\/\/guleben.com\/es\/politica-de-envio\/","title":{"rendered":"Pol\u00edtica de Env\u00edo"},"content":{"rendered":"\n<p>IMPFEN SAS se encarga del despacho de las compras realizadas a trav\u00e9s de nuestro sitio web (imfen.co). Los costos de env\u00edo se calculan autom\u00e1ticamente durante el proceso de compra y pueden variar seg\u00fan la ubicaci\u00f3n de destino.<\/p>\n\n\n\n<p><strong>Tiempos de Entrega<\/strong><\/p>\n\n\n\n<ul class=\"wp-block-list\">\n<li>Bogot\u00e1: Hasta 24 horas.<\/li>\n\n\n\n<li>Ciudades principales: 1 a 3 d\u00edas h\u00e1biles.<\/li>\n\n\n\n<li>Ciudades intermedias: 2 a 5 d\u00edas h\u00e1biles.<\/li>\n\n\n\n<li>Destinos remotos: Seg\u00fan programaci\u00f3n de la transportadora.<\/li>\n<\/ul>\n\n\n\n<p>Nota: Los tiempos de entrega pueden verse afectados por factores externos como temporadas altas (e.j., Navidad), de los cuales IMPFEN SAS no se hace responsable.<\/p>\n\n\n\n<p><strong>Condiciones del Env\u00edo<\/strong><\/p>\n\n\n\n<ul class=\"wp-block-list\">\n<li>La entrega se realizar\u00e1 en la direcci\u00f3n indicada durante el proceso de compra. Se aceptar\u00e1 como v\u00e1lida la firma de una persona mayor de edad presente en el domicilio.<\/li>\n\n\n\n<li>En unidades residenciales con porter\u00eda, el portero podr\u00e1 recibir el paquete y firmar la gu\u00eda. \u2022 Si no hay nadie en la direcci\u00f3n, la transportadora realizar\u00e1 hasta dos intentos adicionales de entrega antes de devolver el paquete a la bodega de IMPFEN SAS.<\/li>\n<\/ul>\n\n\n\n<p>Env\u00edos en Bogot\u00e1:<br>Nuestros productos te estar\u00e1n llegando entre 2 a 3 d\u00edas h\u00e1biles; se realizar\u00e1n por nuestro mensajero propio, o por medio de Env\u00eda o Interrapidisimo. El env\u00edo tiene un valor de $8000 COP.<\/p>\n\n\n\n<p>En ciudades principales de Colombia:<br>Nuestros productos te estar\u00e1n llegando entre 3 a 5 d\u00edas h\u00e1biles; se realizar\u00e1n por medio de Env\u00eda o Interrapid\u00edsimo. El env\u00edo tiene un valor de $14500 COP.<\/p>\n\n\n\n<p>Resto del Territorio nacional:<br>Nuestros productos te estar\u00e1n llegando entre 4 a 6 d\u00edas h\u00e1biles; se realizar\u00e1n por medio de Env\u00eda o Interrapid\u00edsimo. El env\u00edo est\u00e1 sujeto a los costos de las transportadoras.<\/p>\n\n\n\n<p>Env\u00edo internacional<br>Por el momento no contamos con sistema de env\u00edo internacional. Escr\u00edbenos a ventas@guleben.com para m\u00e1s informaci\u00f3n.<\/p>\n","protected":false},"excerpt":{"rendered":"<p>Conoce la Pol\u00edtica de env\u00edos de Imfen, l\u00edderes en el desarrollo de productos nutrac\u00e9uticos.<\/p>\n","protected":false},"author":1,"featured_media":23156,"parent":0,"menu_order":32,"comment_status":"closed","ping_status":"closed","template":"","meta":{"footnotes":""},"class_list":["post-21715","page","type-page","status-publish","has-post-thumbnail","hentry"],"yoast_head":"<!-- This site is optimized with the Yoast SEO plugin v27.2 - https:\/\/yoast.com\/product\/yoast-seo-wordpress\/ -->\n<title>Pol\u00edtica de Env\u00edo &#8211; Guleben<\/title>\n<meta name=\"description\" content=\"Conoce la Pol\u00edtica de env\u00edos de Imfen, l\u00edderes en el desarrollo de productos nutrac\u00e9uticos.\" \/>\n<meta name=\"robots\" content=\"index, follow, max-snippet:-1, max-image-preview:large, max-video-preview:-1\" \/>\n<link rel=\"canonical\" href=\"https:\/\/guleben.com\/es\/politica-de-envio\/\" \/>\n<meta property=\"og:locale\" content=\"es_ES\" \/>\n<meta property=\"og:type\" content=\"article\" \/>\n<meta property=\"og:title\" content=\"Pol\u00edtica de Env\u00edo &#8211; Guleben\" \/>\n<meta property=\"og:description\" content=\"Conoce la Pol\u00edtica de env\u00edos de Imfen, l\u00edderes en el desarrollo de productos nutrac\u00e9uticos.\" \/>\n<meta property=\"og:url\" content=\"https:\/\/guleben.com\/es\/politica-de-envio\/\" \/>\n<meta property=\"og:site_name\" content=\"Guleben\" \/>\n<meta property=\"article:publisher\" content=\"https:\/\/www.facebook.com\/imfencolombia\/\" \/>\n<meta property=\"article:modified_time\" content=\"2026-03-27T19:35:37+00:00\" \/>\n<meta property=\"og:image\" content=\"https:\/\/guleben.com\/wp-content\/uploads\/2026\/02\/Imfen-BG-03.webp\" \/>\n\t<meta property=\"og:image:width\" content=\"1366\" \/>\n\t<meta property=\"og:image:height\" content=\"768\" \/>\n\t<meta property=\"og:image:type\" content=\"image\/webp\" \/>\n<meta name=\"twitter:card\" content=\"summary_large_image\" \/>\n<meta name=\"twitter:label1\" content=\"Tiempo de lectura\" \/>\n\t<meta name=\"twitter:data1\" content=\"2 minutos\" \/>\n<script type=\"application\/ld+json\" class=\"yoast-schema-graph\">{\"@context\":\"https:\/\/schema.org\",\"@graph\":[{\"@type\":\"WebPage\",\"@id\":\"https:\/\/guleben.com\/politica-de-envio\/\",\"url\":\"https:\/\/guleben.com\/politica-de-envio\/\",\"name\":\"Pol\u00edtica de Env\u00edo &#8211; Guleben\",\"isPartOf\":{\"@id\":\"https:\/\/guleben.com\/#website\"},\"primaryImageOfPage\":{\"@id\":\"https:\/\/guleben.com\/politica-de-envio\/#primaryimage\"},\"image\":{\"@id\":\"https:\/\/guleben.com\/politica-de-envio\/#primaryimage\"},\"thumbnailUrl\":\"https:\/\/guleben.com\/wp-content\/uploads\/2026\/02\/Imfen-BG-03.webp\",\"datePublished\":\"2025-11-10T20:22:08+00:00\",\"dateModified\":\"2026-03-27T19:35:37+00:00\",\"description\":\"Conoce la Pol\u00edtica de env\u00edos de Imfen, l\u00edderes en el desarrollo de productos nutrac\u00e9uticos.\",\"breadcrumb\":{\"@id\":\"https:\/\/guleben.com\/politica-de-envio\/#breadcrumb\"},\"inLanguage\":\"es\",\"potentialAction\":[{\"@type\":\"ReadAction\",\"target\":[\"https:\/\/guleben.com\/politica-de-envio\/\"]}]},{\"@type\":\"ImageObject\",\"inLanguage\":\"es\",\"@id\":\"https:\/\/guleben.com\/politica-de-envio\/#primaryimage\",\"url\":\"https:\/\/guleben.com\/wp-content\/uploads\/2026\/02\/Imfen-BG-03.webp\",\"contentUrl\":\"https:\/\/guleben.com\/wp-content\/uploads\/2026\/02\/Imfen-BG-03.webp\",\"width\":1366,\"height\":768},{\"@type\":\"BreadcrumbList\",\"@id\":\"https:\/\/guleben.com\/politica-de-envio\/#breadcrumb\",\"itemListElement\":[{\"@type\":\"ListItem\",\"position\":1,\"name\":\"Inicio\",\"item\":\"https:\/\/guleben.com\/\"},{\"@type\":\"ListItem\",\"position\":2,\"name\":\"Pol\u00edtica de Env\u00edo\"}]},{\"@type\":\"WebSite\",\"@id\":\"https:\/\/guleben.com\/#website\",\"url\":\"https:\/\/guleben.com\/\",\"name\":\"Guleben\",\"description\":\"Nutraceutical biotechnology\",\"publisher\":{\"@id\":\"https:\/\/guleben.com\/#organization\"},\"alternateName\":\"Guleben\",\"potentialAction\":[{\"@type\":\"SearchAction\",\"target\":{\"@type\":\"EntryPoint\",\"urlTemplate\":\"https:\/\/guleben.com\/?s={search_term_string}\"},\"query-input\":{\"@type\":\"PropertyValueSpecification\",\"valueRequired\":true,\"valueName\":\"search_term_string\"}}],\"inLanguage\":\"es\"},{\"@type\":\"Organization\",\"@id\":\"https:\/\/guleben.com\/#organization\",\"name\":\"Guleben\",\"alternateName\":\"Guleben\",\"url\":\"https:\/\/guleben.com\/\",\"logo\":{\"@type\":\"ImageObject\",\"inLanguage\":\"es\",\"@id\":\"https:\/\/guleben.com\/#\/schema\/logo\/image\/\",\"url\":\"https:\/\/guleben.com\/wp-content\/uploads\/2026\/03\/Guleben-logo-01.webp\",\"contentUrl\":\"https:\/\/guleben.com\/wp-content\/uploads\/2026\/03\/Guleben-logo-01.webp\",\"width\":350,\"height\":100,\"caption\":\"Guleben\"},\"image\":{\"@id\":\"https:\/\/guleben.com\/#\/schema\/logo\/image\/\"},\"sameAs\":[\"https:\/\/www.facebook.com\/imfencolombia\/\",\"https:\/\/www.instagram.com\/imfencolombia\",\"https:\/\/www.youtube.com\/@imfencolombia\"]}]}<\/script>\n<!-- \/ Yoast SEO plugin. -->","yoast_head_json":{"title":"Pol\u00edtica de Env\u00edo &#8211; Guleben","description":"Conoce la Pol\u00edtica de env\u00edos de Imfen, l\u00edderes en el desarrollo de productos nutrac\u00e9uticos.","robots":{"index":"index","follow":"follow","max-snippet":"max-snippet:-1","max-image-preview":"max-image-preview:large","max-video-preview":"max-video-preview:-1"},"canonical":"https:\/\/guleben.com\/es\/politica-de-envio\/","og_locale":"es_ES","og_type":"article","og_title":"Pol\u00edtica de Env\u00edo &#8211; Guleben","og_description":"Conoce la Pol\u00edtica de env\u00edos de Imfen, l\u00edderes en el desarrollo de productos nutrac\u00e9uticos.","og_url":"https:\/\/guleben.com\/es\/politica-de-envio\/","og_site_name":"Guleben","article_publisher":"https:\/\/www.facebook.com\/imfencolombia\/","article_modified_time":"2026-03-27T19:35:37+00:00","og_image":[{"width":1366,"height":768,"url":"https:\/\/guleben.com\/wp-content\/uploads\/2026\/02\/Imfen-BG-03.webp","type":"image\/webp"}],"twitter_card":"summary_large_image","twitter_misc":{"Tiempo de lectura":"2 minutos"},"schema":{"@context":"https:\/\/schema.org","@graph":[{"@type":"WebPage","@id":"https:\/\/guleben.com\/politica-de-envio\/","url":"https:\/\/guleben.com\/politica-de-envio\/","name":"Pol\u00edtica de Env\u00edo &#8211; Guleben","isPartOf":{"@id":"https:\/\/guleben.com\/#website"},"primaryImageOfPage":{"@id":"https:\/\/guleben.com\/politica-de-envio\/#primaryimage"},"image":{"@id":"https:\/\/guleben.com\/politica-de-envio\/#primaryimage"},"thumbnailUrl":"https:\/\/guleben.com\/wp-content\/uploads\/2026\/02\/Imfen-BG-03.webp","datePublished":"2025-11-10T20:22:08+00:00","dateModified":"2026-03-27T19:35:37+00:00","description":"Conoce la Pol\u00edtica de env\u00edos de Imfen, l\u00edderes en el desarrollo de productos nutrac\u00e9uticos.","breadcrumb":{"@id":"https:\/\/guleben.com\/politica-de-envio\/#breadcrumb"},"inLanguage":"es","potentialAction":[{"@type":"ReadAction","target":["https:\/\/guleben.com\/politica-de-envio\/"]}]},{"@type":"ImageObject","inLanguage":"es","@id":"https:\/\/guleben.com\/politica-de-envio\/#primaryimage","url":"https:\/\/guleben.com\/wp-content\/uploads\/2026\/02\/Imfen-BG-03.webp","contentUrl":"https:\/\/guleben.com\/wp-content\/uploads\/2026\/02\/Imfen-BG-03.webp","width":1366,"height":768},{"@type":"BreadcrumbList","@id":"https:\/\/guleben.com\/politica-de-envio\/#breadcrumb","itemListElement":[{"@type":"ListItem","position":1,"name":"Inicio","item":"https:\/\/guleben.com\/"},{"@type":"ListItem","position":2,"name":"Pol\u00edtica de Env\u00edo"}]},{"@type":"WebSite","@id":"https:\/\/guleben.com\/#website","url":"https:\/\/guleben.com\/","name":"Guleben","description":"Nutraceutical biotechnology","publisher":{"@id":"https:\/\/guleben.com\/#organization"},"alternateName":"Guleben","potentialAction":[{"@type":"SearchAction","target":{"@type":"EntryPoint","urlTemplate":"https:\/\/guleben.com\/?s={search_term_string}"},"query-input":{"@type":"PropertyValueSpecification","valueRequired":true,"valueName":"search_term_string"}}],"inLanguage":"es"},{"@type":"Organization","@id":"https:\/\/guleben.com\/#organization","name":"Guleben","alternateName":"Guleben","url":"https:\/\/guleben.com\/","logo":{"@type":"ImageObject","inLanguage":"es","@id":"https:\/\/guleben.com\/#\/schema\/logo\/image\/","url":"https:\/\/guleben.com\/wp-content\/uploads\/2026\/03\/Guleben-logo-01.webp","contentUrl":"https:\/\/guleben.com\/wp-content\/uploads\/2026\/03\/Guleben-logo-01.webp","width":350,"height":100,"caption":"Guleben"},"image":{"@id":"https:\/\/guleben.com\/#\/schema\/logo\/image\/"},"sameAs":["https:\/\/www.facebook.com\/imfencolombia\/","https:\/\/www.instagram.com\/imfencolombia","https:\/\/www.youtube.com\/@imfencolombia"]}]}},"_links":{"self":[{"href":"https:\/\/guleben.com\/es\/wp-json\/wp\/v2\/pages\/21715","targetHints":{"allow":["GET"]}}],"collection":[{"href":"https:\/\/guleben.com\/es\/wp-json\/wp\/v2\/pages"}],"about":[{"href":"https:\/\/guleben.com\/es\/wp-json\/wp\/v2\/types\/page"}],"author":[{"embeddable":true,"href":"https:\/\/guleben.com\/es\/wp-json\/wp\/v2\/users\/1"}],"replies":[{"embeddable":true,"href":"https:\/\/guleben.com\/es\/wp-json\/wp\/v2\/comments?post=21715"}],"version-history":[{"count":7,"href":"https:\/\/guleben.com\/es\/wp-json\/wp\/v2\/pages\/21715\/revisions"}],"predecessor-version":[{"id":23559,"href":"https:\/\/guleben.com\/es\/wp-json\/wp\/v2\/pages\/21715\/revisions\/23559"}],"wp:featuredmedia":[{"embeddable":true,"href":"https:\/\/guleben.com\/es\/wp-json\/wp\/v2\/media\/23156"}],"wp:attachment":[{"href":"https:\/\/guleben.com\/es\/wp-json\/wp\/v2\/media?parent=21715"}],"curies":[{"name":"wp","href":"https:\/\/api.w.org\/{rel}","templated":true}]}}