{"id":22464,"date":"2025-12-22T23:40:46","date_gmt":"2025-12-23T04:40:46","guid":{"rendered":"https:\/\/guleben.com\/?post_type=product&#038;p=22464"},"modified":"2026-03-27T15:53:11","modified_gmt":"2026-03-27T19:53:11","slug":"zentro-caja-x-30-stick-pack","status":"publish","type":"product","link":"https:\/\/guleben.com\/es\/tienda\/digestion\/zentro-caja-x-30-stick-pack\/","title":{"rendered":"Zentro (caja x 30 stick pack)"},"content":{"rendered":"<p><b>ZENTRO<\/b><span style=\"font-weight: 400;\"> es una formulaci\u00f3n nutrac\u00e9utica basada en la ciencia del eje intestino-cerebro, dise\u00f1ada para apoyar el bienestar emocional y el descanso a trav\u00e9s de la interacci\u00f3n funcional con la microbiota intestinal, por medio de la modulaci\u00f3n de la microbiota intestinal a trav\u00e9s del probi\u00f3tico tratado t\u00e9rmicamente (posbi\u00f3tico) <\/span><i><span style=\"font-weight: 400;\">Lactobacillus gasseri <\/span><\/i><span style=\"font-weight: 400;\">CP2305 10 BUFC. <\/span><\/p>\n<p><span style=\"font-weight: 400;\">Su formulaci\u00f3n est\u00e1 pensada para integrarse de forma natural al organismo, apoyando el equilibrio cuerpo-mente como parte de un enfoque integral de bienestar diario.<\/span><\/p>\n<p><span style=\"font-weight: 400;\">Su desarrollo se fundamenta en investigaci\u00f3n cient\u00edfica aplicada y en la selecci\u00f3n de componentes funcionales de origen biol\u00f3gico, integr\u00e1ndose como apoyo nutricional dentro de h\u00e1bitos de vida saludables.<\/span><\/p>\n<h6><b>\u00bfPor qu\u00e9 usar ZENTRO?<\/b><\/h6>\n<ul>\n<li style=\"font-weight: 400;\" aria-level=\"1\"><b>Formulaci\u00f3n basada en el eje intestino-cerebro<\/b><span style=\"font-weight: 400;\"><br \/>\n<\/span><span style=\"font-weight: 400;\">Dise\u00f1ado para interactuar funcionalmente con la microbiota asociada al bienestar emocional y al descanso.<\/span><\/li>\n<li style=\"font-weight: 400;\" aria-level=\"1\"><b>Apoyo nutricional para el equilibrio cuerpo-mente<\/b><span style=\"font-weight: 400;\"><br \/>\n<\/span><span style=\"font-weight: 400;\">Acompa\u00f1a el bienestar emocional como parte de un enfoque integral y cotidiano.<\/span><\/li>\n<li style=\"font-weight: 400;\" aria-level=\"1\"><b>Ingredientes funcionales de origen biol\u00f3gico<\/b><span style=\"font-weight: 400;\"><br \/>\n<\/span><span style=\"font-weight: 400;\">Elaborado con componentes seleccionados bajo criterios cient\u00edficos de calidad, seguridad y funcionalidad.<\/span><\/li>\n<\/ul>\n<h6><b>\u00bfC\u00f3mo usar ZENTRO?<\/b><\/h6>\n<p><span style=\"font-weight: 400;\">Disolver un stickpack en un vaso de 200ml de agua.\u00a0 para consumir en cualquier momento del d\u00eda.<\/span><\/p>\n<h6><b>Registro sanitario INVIMA<\/b><\/h6>\n<p><span style=\"font-weight: 400;\">PSA-0005578-2025<\/span><\/p>\n<p><i><span style=\"font-weight: 400;\">ZENTRO es un nutrac\u00e9utico. No es un medicamento y no sustituye tratamientos m\u00e9dicos ni una alimentaci\u00f3n equilibrada.<\/span><\/i><\/p>\n","protected":false},"excerpt":{"rendered":"<div id=\"tns1-item0\" class=\"testimonial-item elementor-repeater-item-8edb0ec tns-item tns-slide-active\">\n<div class=\"testimonial-box hover-from-bottom\">\n<div class=\"comment-content\">\n<p><span style=\"font-weight: 400;\">Psicobi\u00f3tico funcional. <\/span><span style=\"font-weight: 400;\">Equilibrio que se siente. ZENTRO es un nutrac\u00e9utico desarrollado para acompa\u00f1ar el bienestar emocional y el descanso desde el interior.<\/span><\/p>\n<\/div>\n<\/div>\n<\/div>\n","protected":false},"featured_media":22465,"template":"","meta":[],"product_brand":[],"product_cat":[50],"product_tag":[],"class_list":{"0":"post-22464","1":"product","2":"type-product","3":"status-publish","4":"has-post-thumbnail","6":"product_cat-digestion","8":"first","9":"instock","10":"featured","11":"shipping-taxable","12":"purchasable","13":"product-type-simple"},"yoast_head":"<!-- This site is optimized with the Yoast SEO plugin v27.2 - https:\/\/yoast.com\/product\/yoast-seo-wordpress\/ -->\n<title>Zentro (caja x 30 stick pack) &#8211; Guleben<\/title>\n<meta name=\"description\" content=\"Psicobi\u00f3tico funcional. Equilibrio que se siente. ZENTRO es un nutrac\u00e9utico desarrollado para acompa\u00f1ar el bienestar emocional y el descanso desde el interior.\" \/>\n<meta name=\"robots\" content=\"index, follow, max-snippet:-1, max-image-preview:large, max-video-preview:-1\" \/>\n<link rel=\"canonical\" href=\"https:\/\/guleben.com\/es\/tienda\/digestion\/zentro-caja-x-30-stick-pack\/\" \/>\n<meta property=\"og:locale\" content=\"es_ES\" \/>\n<meta property=\"og:type\" content=\"article\" \/>\n<meta property=\"og:title\" content=\"Zentro (caja x 30 stick pack) &#8211; Guleben\" \/>\n<meta property=\"og:description\" content=\"Psicobi\u00f3tico funcional. Equilibrio que se siente. ZENTRO es un nutrac\u00e9utico desarrollado para acompa\u00f1ar el bienestar emocional y el descanso desde el interior.\" \/>\n<meta property=\"og:url\" content=\"https:\/\/guleben.com\/es\/tienda\/digestion\/zentro-caja-x-30-stick-pack\/\" \/>\n<meta property=\"og:site_name\" content=\"Guleben\" \/>\n<meta property=\"article:publisher\" content=\"https:\/\/www.facebook.com\/imfencolombia\/\" \/>\n<meta property=\"article:modified_time\" content=\"2026-03-27T19:53:11+00:00\" \/>\n<meta property=\"og:image\" content=\"https:\/\/guleben.com\/wp-content\/uploads\/2025\/12\/Zentro-01.webp\" \/>\n\t<meta property=\"og:image:width\" content=\"2526\" \/>\n\t<meta property=\"og:image:height\" content=\"2526\" \/>\n\t<meta property=\"og:image:type\" content=\"image\/webp\" \/>\n<meta name=\"twitter:card\" content=\"summary_large_image\" \/>\n<meta name=\"twitter:label1\" content=\"Tiempo de lectura\" \/>\n\t<meta name=\"twitter:data1\" content=\"1 minuto\" \/>\n<script type=\"application\/ld+json\" class=\"yoast-schema-graph\">{\"@context\":\"https:\/\/schema.org\",\"@graph\":[{\"@type\":\"WebPage\",\"@id\":\"https:\/\/guleben.com\/tienda\/digestion\/zentro-caja-x-30-stick-pack\/\",\"url\":\"https:\/\/guleben.com\/tienda\/digestion\/zentro-caja-x-30-stick-pack\/\",\"name\":\"Zentro (caja x 30 stick pack) &#8211; Guleben\",\"isPartOf\":{\"@id\":\"https:\/\/guleben.com\/#website\"},\"primaryImageOfPage\":{\"@id\":\"https:\/\/guleben.com\/tienda\/digestion\/zentro-caja-x-30-stick-pack\/#primaryimage\"},\"image\":{\"@id\":\"https:\/\/guleben.com\/tienda\/digestion\/zentro-caja-x-30-stick-pack\/#primaryimage\"},\"thumbnailUrl\":\"https:\/\/guleben.com\/wp-content\/uploads\/2025\/12\/Zentro-01.webp\",\"datePublished\":\"2025-12-23T04:40:46+00:00\",\"dateModified\":\"2026-03-27T19:53:11+00:00\",\"description\":\"Psicobi\u00f3tico funcional. Equilibrio que se siente. ZENTRO es un nutrac\u00e9utico desarrollado para acompa\u00f1ar el bienestar emocional y el descanso desde el interior.\",\"breadcrumb\":{\"@id\":\"https:\/\/guleben.com\/tienda\/digestion\/zentro-caja-x-30-stick-pack\/#breadcrumb\"},\"inLanguage\":\"es\",\"potentialAction\":[{\"@type\":\"ReadAction\",\"target\":[\"https:\/\/guleben.com\/tienda\/digestion\/zentro-caja-x-30-stick-pack\/\"]}]},{\"@type\":\"ImageObject\",\"inLanguage\":\"es\",\"@id\":\"https:\/\/guleben.com\/tienda\/digestion\/zentro-caja-x-30-stick-pack\/#primaryimage\",\"url\":\"https:\/\/guleben.com\/wp-content\/uploads\/2025\/12\/Zentro-01.webp\",\"contentUrl\":\"https:\/\/guleben.com\/wp-content\/uploads\/2025\/12\/Zentro-01.webp\",\"width\":2526,\"height\":2526},{\"@type\":\"BreadcrumbList\",\"@id\":\"https:\/\/guleben.com\/tienda\/digestion\/zentro-caja-x-30-stick-pack\/#breadcrumb\",\"itemListElement\":[{\"@type\":\"ListItem\",\"position\":1,\"name\":\"Inicio\",\"item\":\"https:\/\/guleben.com\/\"},{\"@type\":\"ListItem\",\"position\":2,\"name\":\"Tienda\",\"item\":\"https:\/\/guleben.com\/tienda\/\"},{\"@type\":\"ListItem\",\"position\":3,\"name\":\"Digesti\u00f3n\",\"item\":\"https:\/\/guleben.com\/tienda\/categoria-producto\/digestion\/\"},{\"@type\":\"ListItem\",\"position\":4,\"name\":\"Zentro (caja x 30 stick pack)\"}]},{\"@type\":\"WebSite\",\"@id\":\"https:\/\/guleben.com\/#website\",\"url\":\"https:\/\/guleben.com\/\",\"name\":\"Guleben\",\"description\":\"Nutraceutical biotechnology\",\"publisher\":{\"@id\":\"https:\/\/guleben.com\/#organization\"},\"alternateName\":\"Guleben\",\"potentialAction\":[{\"@type\":\"SearchAction\",\"target\":{\"@type\":\"EntryPoint\",\"urlTemplate\":\"https:\/\/guleben.com\/?s={search_term_string}\"},\"query-input\":{\"@type\":\"PropertyValueSpecification\",\"valueRequired\":true,\"valueName\":\"search_term_string\"}}],\"inLanguage\":\"es\"},{\"@type\":\"Organization\",\"@id\":\"https:\/\/guleben.com\/#organization\",\"name\":\"Guleben\",\"alternateName\":\"Guleben\",\"url\":\"https:\/\/guleben.com\/\",\"logo\":{\"@type\":\"ImageObject\",\"inLanguage\":\"es\",\"@id\":\"https:\/\/guleben.com\/#\/schema\/logo\/image\/\",\"url\":\"https:\/\/guleben.com\/wp-content\/uploads\/2026\/03\/Guleben-logo-01.webp\",\"contentUrl\":\"https:\/\/guleben.com\/wp-content\/uploads\/2026\/03\/Guleben-logo-01.webp\",\"width\":350,\"height\":100,\"caption\":\"Guleben\"},\"image\":{\"@id\":\"https:\/\/guleben.com\/#\/schema\/logo\/image\/\"},\"sameAs\":[\"https:\/\/www.facebook.com\/imfencolombia\/\",\"https:\/\/www.instagram.com\/imfencolombia\",\"https:\/\/www.youtube.com\/@imfencolombia\"]}]}<\/script>\n<!-- \/ Yoast SEO plugin. -->","yoast_head_json":{"title":"Zentro (caja x 30 stick pack) &#8211; Guleben","description":"Psicobi\u00f3tico funcional. Equilibrio que se siente. ZENTRO es un nutrac\u00e9utico desarrollado para acompa\u00f1ar el bienestar emocional y el descanso desde el interior.","robots":{"index":"index","follow":"follow","max-snippet":"max-snippet:-1","max-image-preview":"max-image-preview:large","max-video-preview":"max-video-preview:-1"},"canonical":"https:\/\/guleben.com\/es\/tienda\/digestion\/zentro-caja-x-30-stick-pack\/","og_locale":"es_ES","og_type":"article","og_title":"Zentro (caja x 30 stick pack) &#8211; Guleben","og_description":"Psicobi\u00f3tico funcional. Equilibrio que se siente. ZENTRO es un nutrac\u00e9utico desarrollado para acompa\u00f1ar el bienestar emocional y el descanso desde el interior.","og_url":"https:\/\/guleben.com\/es\/tienda\/digestion\/zentro-caja-x-30-stick-pack\/","og_site_name":"Guleben","article_publisher":"https:\/\/www.facebook.com\/imfencolombia\/","article_modified_time":"2026-03-27T19:53:11+00:00","og_image":[{"width":2526,"height":2526,"url":"https:\/\/guleben.com\/wp-content\/uploads\/2025\/12\/Zentro-01.webp","type":"image\/webp"}],"twitter_card":"summary_large_image","twitter_misc":{"Tiempo de lectura":"1 minuto"},"schema":{"@context":"https:\/\/schema.org","@graph":[{"@type":"WebPage","@id":"https:\/\/guleben.com\/tienda\/digestion\/zentro-caja-x-30-stick-pack\/","url":"https:\/\/guleben.com\/tienda\/digestion\/zentro-caja-x-30-stick-pack\/","name":"Zentro (caja x 30 stick pack) &#8211; Guleben","isPartOf":{"@id":"https:\/\/guleben.com\/#website"},"primaryImageOfPage":{"@id":"https:\/\/guleben.com\/tienda\/digestion\/zentro-caja-x-30-stick-pack\/#primaryimage"},"image":{"@id":"https:\/\/guleben.com\/tienda\/digestion\/zentro-caja-x-30-stick-pack\/#primaryimage"},"thumbnailUrl":"https:\/\/guleben.com\/wp-content\/uploads\/2025\/12\/Zentro-01.webp","datePublished":"2025-12-23T04:40:46+00:00","dateModified":"2026-03-27T19:53:11+00:00","description":"Psicobi\u00f3tico funcional. Equilibrio que se siente. ZENTRO es un nutrac\u00e9utico desarrollado para acompa\u00f1ar el bienestar emocional y el descanso desde el interior.","breadcrumb":{"@id":"https:\/\/guleben.com\/tienda\/digestion\/zentro-caja-x-30-stick-pack\/#breadcrumb"},"inLanguage":"es","potentialAction":[{"@type":"ReadAction","target":["https:\/\/guleben.com\/tienda\/digestion\/zentro-caja-x-30-stick-pack\/"]}]},{"@type":"ImageObject","inLanguage":"es","@id":"https:\/\/guleben.com\/tienda\/digestion\/zentro-caja-x-30-stick-pack\/#primaryimage","url":"https:\/\/guleben.com\/wp-content\/uploads\/2025\/12\/Zentro-01.webp","contentUrl":"https:\/\/guleben.com\/wp-content\/uploads\/2025\/12\/Zentro-01.webp","width":2526,"height":2526},{"@type":"BreadcrumbList","@id":"https:\/\/guleben.com\/tienda\/digestion\/zentro-caja-x-30-stick-pack\/#breadcrumb","itemListElement":[{"@type":"ListItem","position":1,"name":"Inicio","item":"https:\/\/guleben.com\/"},{"@type":"ListItem","position":2,"name":"Tienda","item":"https:\/\/guleben.com\/tienda\/"},{"@type":"ListItem","position":3,"name":"Digesti\u00f3n","item":"https:\/\/guleben.com\/tienda\/categoria-producto\/digestion\/"},{"@type":"ListItem","position":4,"name":"Zentro (caja x 30 stick pack)"}]},{"@type":"WebSite","@id":"https:\/\/guleben.com\/#website","url":"https:\/\/guleben.com\/","name":"Guleben","description":"Nutraceutical biotechnology","publisher":{"@id":"https:\/\/guleben.com\/#organization"},"alternateName":"Guleben","potentialAction":[{"@type":"SearchAction","target":{"@type":"EntryPoint","urlTemplate":"https:\/\/guleben.com\/?s={search_term_string}"},"query-input":{"@type":"PropertyValueSpecification","valueRequired":true,"valueName":"search_term_string"}}],"inLanguage":"es"},{"@type":"Organization","@id":"https:\/\/guleben.com\/#organization","name":"Guleben","alternateName":"Guleben","url":"https:\/\/guleben.com\/","logo":{"@type":"ImageObject","inLanguage":"es","@id":"https:\/\/guleben.com\/#\/schema\/logo\/image\/","url":"https:\/\/guleben.com\/wp-content\/uploads\/2026\/03\/Guleben-logo-01.webp","contentUrl":"https:\/\/guleben.com\/wp-content\/uploads\/2026\/03\/Guleben-logo-01.webp","width":350,"height":100,"caption":"Guleben"},"image":{"@id":"https:\/\/guleben.com\/#\/schema\/logo\/image\/"},"sameAs":["https:\/\/www.facebook.com\/imfencolombia\/","https:\/\/www.instagram.com\/imfencolombia","https:\/\/www.youtube.com\/@imfencolombia"]}]}},"_links":{"self":[{"href":"https:\/\/guleben.com\/es\/wp-json\/wp\/v2\/product\/22464","targetHints":{"allow":["GET"]}}],"collection":[{"href":"https:\/\/guleben.com\/es\/wp-json\/wp\/v2\/product"}],"about":[{"href":"https:\/\/guleben.com\/es\/wp-json\/wp\/v2\/types\/product"}],"wp:featuredmedia":[{"embeddable":true,"href":"https:\/\/guleben.com\/es\/wp-json\/wp\/v2\/media\/22465"}],"wp:attachment":[{"href":"https:\/\/guleben.com\/es\/wp-json\/wp\/v2\/media?parent=22464"}],"wp:term":[{"taxonomy":"product_brand","embeddable":true,"href":"https:\/\/guleben.com\/es\/wp-json\/wp\/v2\/product_brand?post=22464"},{"taxonomy":"product_cat","embeddable":true,"href":"https:\/\/guleben.com\/es\/wp-json\/wp\/v2\/product_cat?post=22464"},{"taxonomy":"product_tag","embeddable":true,"href":"https:\/\/guleben.com\/es\/wp-json\/wp\/v2\/product_tag?post=22464"}],"curies":[{"name":"wp","href":"https:\/\/api.w.org\/{rel}","templated":true}]}}