{"id":22483,"date":"2025-12-24T09:18:12","date_gmt":"2025-12-24T14:18:12","guid":{"rendered":"https:\/\/guleben.com\/?post_type=product&#038;p=22483"},"modified":"2026-03-27T15:52:49","modified_gmt":"2026-03-27T19:52:49","slug":"pos-b-10-liquido-caja-x-30-stick-pack","status":"publish","type":"product","link":"https:\/\/guleben.com\/es\/tienda\/digestion\/pos-b-10-liquido-caja-x-30-stick-pack\/","title":{"rendered":"POS-B-10 l\u00edquido (caja x 30 stick pack)"},"content":{"rendered":"<p><span style=\"font-weight: 400;\">Es <\/span><i><span style=\"font-weight: 400;\">Bifidobacterium animalis\u00a0subsp.\u00a0lactis\u00a0CECT8145 (BPL1\u00ae) tratado t\u00e9rmicamente<\/span><\/i><span style=\"font-weight: 400;\"> y prebi\u00f3ticos.\u00a0Es un alimento f\u00e1cil de consumir, hecho especialmente para aportar a la modulaci\u00f3n de la microbiota intestinal que interact\u00faa con el metabolismo corporal. Puede ser diluido r\u00e1pidamente en su bebida sana preferida. No contiene az\u00facares a\u00f1adidos, ni edulcorantes.\u00a0<\/span><\/p>\n<p><span style=\"font-weight: 400;\">POS-B-10 es un concentrado l\u00edquido listo para preparar una bebida natural, contiene 10 BUFC cepa <\/span><i><span style=\"font-weight: 400;\">CECT8145 (BPL1\u00ae)<\/span><\/i><span style=\"font-weight: 400;\">, que aporta a una <\/span><b><i>nutrici\u00f3n metab\u00f3lica saludable<\/i><\/b><span style=\"font-weight: 400;\">.\u00a0El BPL1\u00ae es una cepa probi\u00f3tica tratada t\u00e9rmicamente en Europa, conocida como posbi\u00f3tica.\u00a0<\/span><\/p>\n<p><b>\u00bfPor qu\u00e9 usar POS-B-10?<\/b><\/p>\n<ul>\n<li style=\"font-weight: 400;\" aria-level=\"1\"><b>Formulaci\u00f3n basada en ciencia del microbioma<\/b><span style=\"font-weight: 400;\"><br \/>\n<\/span><span style=\"font-weight: 400;\">Dise\u00f1ado a partir de investigaci\u00f3n cient\u00edfica para interactuar funcionalmente con la microbiota asociada al metabolismo.<\/span><\/li>\n<li style=\"font-weight: 400;\" aria-level=\"1\"><b>Apoyo nutricional al equilibrio metab\u00f3lico<\/b><span style=\"font-weight: 400;\"><br \/>\n<\/span><span style=\"font-weight: 400;\">Acompa\u00f1a el equilibrio del organismo como parte de un enfoque integral de bienestar y h\u00e1bitos saludables.<\/span><\/li>\n<li style=\"font-weight: 400;\" aria-level=\"1\"><b>Ingredientes funcionales de origen biol\u00f3gico<\/b><span style=\"font-weight: 400;\"><br \/>\n<\/span><span style=\"font-weight: 400;\">Elaborado con componentes seleccionados por su interacci\u00f3n natural con el organismo, bajo criterios de calidad y seguridad.<\/span><\/li>\n<\/ul>\n<p><b>\u00bfC\u00f3mo usar POS-B-10?<\/b><\/p>\n<p><span style=\"font-weight: 400;\">Disolver un stickpack en un vaso de 200ml de agua.\u00a0 para consumir en cualquier momento del d\u00eda.<\/span><\/p>\n<h6><b>Registro sanitario INVIMA<\/b><\/h6>\n<p>RSA-0021634-2022<\/p>\n<p><i><span style=\"font-weight: 400;\">POS B 10 es un nutrac\u00e9utico. No es un medicamento y no sustituye tratamientos m\u00e9dicos ni una alimentaci\u00f3n equilibrada. <b>BPL1\u00ae es una marca registrada de Biopolis S.L. utilizada bajo licencia por IMPFEN.<\/b><\/span><\/i><\/p>\n","protected":false},"excerpt":{"rendered":"<div id=\"tns1-item0\" class=\"testimonial-item elementor-repeater-item-8edb0ec tns-item tns-slide-active\">\n<div class=\"testimonial-box hover-from-bottom\">\n<div class=\"comment-content\">\n<p><span style=\"font-weight: 400;\">Posbi\u00f3tico metab\u00f3lico funcional. <\/span><span style=\"font-weight: 400;\">Cuerpo en balance. <\/span><span style=\"font-weight: 400;\">POS-B-10 es un nutrac\u00e9utico simbi\u00f3tico de uso diario que contiene probi\u00f3ticos tratados t\u00e9rmicamente (a nivel mundial se conocen como posbi\u00f3ticos). <\/span><\/p>\n<\/div>\n<\/div>\n<\/div>\n","protected":false},"featured_media":23225,"template":"","meta":[],"product_brand":[],"product_cat":[50],"product_tag":[],"class_list":{"0":"post-22483","1":"product","2":"type-product","3":"status-publish","4":"has-post-thumbnail","6":"product_cat-digestion","8":"first","9":"outofstock","10":"featured","11":"shipping-taxable","12":"purchasable","13":"product-type-simple"},"yoast_head":"<!-- This site is optimized with the Yoast SEO plugin v27.2 - https:\/\/yoast.com\/product\/yoast-seo-wordpress\/ -->\n<title>POS-B-10 l\u00edquido (caja x 30 stick pack) &#8211; Guleben<\/title>\n<meta name=\"description\" content=\"Posbi\u00f3tico metab\u00f3lico funcional. Cuerpo en balance. POS-B-10 es un nutrac\u00e9utico simbi\u00f3tico de uso diario que contiene probi\u00f3ticos tratados t\u00e9rmicamente (a nivel mundial se conocen como posbi\u00f3ticos).\" \/>\n<meta name=\"robots\" content=\"index, follow, max-snippet:-1, max-image-preview:large, max-video-preview:-1\" \/>\n<link rel=\"canonical\" href=\"https:\/\/guleben.com\/es\/tienda\/digestion\/pos-b-10-liquido-caja-x-30-stick-pack\/\" \/>\n<meta property=\"og:locale\" content=\"es_ES\" \/>\n<meta property=\"og:type\" content=\"article\" \/>\n<meta property=\"og:title\" content=\"POS-B-10 l\u00edquido (caja x 30 stick pack) &#8211; Guleben\" \/>\n<meta property=\"og:description\" content=\"Posbi\u00f3tico metab\u00f3lico funcional. Cuerpo en balance. POS-B-10 es un nutrac\u00e9utico simbi\u00f3tico de uso diario que contiene probi\u00f3ticos tratados t\u00e9rmicamente (a nivel mundial se conocen como posbi\u00f3ticos).\" \/>\n<meta property=\"og:url\" content=\"https:\/\/guleben.com\/es\/tienda\/digestion\/pos-b-10-liquido-caja-x-30-stick-pack\/\" \/>\n<meta property=\"og:site_name\" content=\"Guleben\" \/>\n<meta property=\"article:publisher\" content=\"https:\/\/www.facebook.com\/imfencolombia\/\" \/>\n<meta property=\"article:modified_time\" content=\"2026-03-27T19:52:49+00:00\" \/>\n<meta property=\"og:image\" content=\"https:\/\/guleben.com\/wp-content\/uploads\/2025\/12\/POS-B-10-liquido-0001.webp\" \/>\n\t<meta property=\"og:image:width\" content=\"1280\" \/>\n\t<meta property=\"og:image:height\" content=\"1280\" \/>\n\t<meta property=\"og:image:type\" content=\"image\/webp\" \/>\n<meta name=\"twitter:card\" content=\"summary_large_image\" \/>\n<meta name=\"twitter:label1\" content=\"Tiempo de lectura\" \/>\n\t<meta name=\"twitter:data1\" content=\"1 minuto\" \/>\n<script type=\"application\/ld+json\" class=\"yoast-schema-graph\">{\"@context\":\"https:\/\/schema.org\",\"@graph\":[{\"@type\":\"WebPage\",\"@id\":\"https:\/\/guleben.com\/tienda\/digestion\/pos-b-10-liquido-caja-x-30-stick-pack\/\",\"url\":\"https:\/\/guleben.com\/tienda\/digestion\/pos-b-10-liquido-caja-x-30-stick-pack\/\",\"name\":\"POS-B-10 l\u00edquido (caja x 30 stick pack) &#8211; Guleben\",\"isPartOf\":{\"@id\":\"https:\/\/guleben.com\/#website\"},\"primaryImageOfPage\":{\"@id\":\"https:\/\/guleben.com\/tienda\/digestion\/pos-b-10-liquido-caja-x-30-stick-pack\/#primaryimage\"},\"image\":{\"@id\":\"https:\/\/guleben.com\/tienda\/digestion\/pos-b-10-liquido-caja-x-30-stick-pack\/#primaryimage\"},\"thumbnailUrl\":\"https:\/\/guleben.com\/wp-content\/uploads\/2025\/12\/POS-B-10-liquido-0001.webp\",\"datePublished\":\"2025-12-24T14:18:12+00:00\",\"dateModified\":\"2026-03-27T19:52:49+00:00\",\"description\":\"Posbi\u00f3tico metab\u00f3lico funcional. Cuerpo en balance. POS-B-10 es un nutrac\u00e9utico simbi\u00f3tico de uso diario que contiene probi\u00f3ticos tratados t\u00e9rmicamente (a nivel mundial se conocen como posbi\u00f3ticos).\",\"breadcrumb\":{\"@id\":\"https:\/\/guleben.com\/tienda\/digestion\/pos-b-10-liquido-caja-x-30-stick-pack\/#breadcrumb\"},\"inLanguage\":\"es\",\"potentialAction\":[{\"@type\":\"ReadAction\",\"target\":[\"https:\/\/guleben.com\/tienda\/digestion\/pos-b-10-liquido-caja-x-30-stick-pack\/\"]}]},{\"@type\":\"ImageObject\",\"inLanguage\":\"es\",\"@id\":\"https:\/\/guleben.com\/tienda\/digestion\/pos-b-10-liquido-caja-x-30-stick-pack\/#primaryimage\",\"url\":\"https:\/\/guleben.com\/wp-content\/uploads\/2025\/12\/POS-B-10-liquido-0001.webp\",\"contentUrl\":\"https:\/\/guleben.com\/wp-content\/uploads\/2025\/12\/POS-B-10-liquido-0001.webp\",\"width\":1280,\"height\":1280},{\"@type\":\"BreadcrumbList\",\"@id\":\"https:\/\/guleben.com\/tienda\/digestion\/pos-b-10-liquido-caja-x-30-stick-pack\/#breadcrumb\",\"itemListElement\":[{\"@type\":\"ListItem\",\"position\":1,\"name\":\"Inicio\",\"item\":\"https:\/\/guleben.com\/\"},{\"@type\":\"ListItem\",\"position\":2,\"name\":\"Tienda\",\"item\":\"https:\/\/guleben.com\/tienda\/\"},{\"@type\":\"ListItem\",\"position\":3,\"name\":\"Digesti\u00f3n\",\"item\":\"https:\/\/guleben.com\/tienda\/categoria-producto\/digestion\/\"},{\"@type\":\"ListItem\",\"position\":4,\"name\":\"POS-B-10 l\u00edquido (caja x 30 stick pack)\"}]},{\"@type\":\"WebSite\",\"@id\":\"https:\/\/guleben.com\/#website\",\"url\":\"https:\/\/guleben.com\/\",\"name\":\"Guleben\",\"description\":\"Nutraceutical biotechnology\",\"publisher\":{\"@id\":\"https:\/\/guleben.com\/#organization\"},\"alternateName\":\"Guleben\",\"potentialAction\":[{\"@type\":\"SearchAction\",\"target\":{\"@type\":\"EntryPoint\",\"urlTemplate\":\"https:\/\/guleben.com\/?s={search_term_string}\"},\"query-input\":{\"@type\":\"PropertyValueSpecification\",\"valueRequired\":true,\"valueName\":\"search_term_string\"}}],\"inLanguage\":\"es\"},{\"@type\":\"Organization\",\"@id\":\"https:\/\/guleben.com\/#organization\",\"name\":\"Guleben\",\"alternateName\":\"Guleben\",\"url\":\"https:\/\/guleben.com\/\",\"logo\":{\"@type\":\"ImageObject\",\"inLanguage\":\"es\",\"@id\":\"https:\/\/guleben.com\/#\/schema\/logo\/image\/\",\"url\":\"https:\/\/guleben.com\/wp-content\/uploads\/2026\/03\/Guleben-logo-01.webp\",\"contentUrl\":\"https:\/\/guleben.com\/wp-content\/uploads\/2026\/03\/Guleben-logo-01.webp\",\"width\":350,\"height\":100,\"caption\":\"Guleben\"},\"image\":{\"@id\":\"https:\/\/guleben.com\/#\/schema\/logo\/image\/\"},\"sameAs\":[\"https:\/\/www.facebook.com\/imfencolombia\/\",\"https:\/\/www.instagram.com\/imfencolombia\",\"https:\/\/www.youtube.com\/@imfencolombia\"]}]}<\/script>\n<!-- \/ Yoast SEO plugin. -->","yoast_head_json":{"title":"POS-B-10 l\u00edquido (caja x 30 stick pack) &#8211; Guleben","description":"Posbi\u00f3tico metab\u00f3lico funcional. Cuerpo en balance. POS-B-10 es un nutrac\u00e9utico simbi\u00f3tico de uso diario que contiene probi\u00f3ticos tratados t\u00e9rmicamente (a nivel mundial se conocen como posbi\u00f3ticos).","robots":{"index":"index","follow":"follow","max-snippet":"max-snippet:-1","max-image-preview":"max-image-preview:large","max-video-preview":"max-video-preview:-1"},"canonical":"https:\/\/guleben.com\/es\/tienda\/digestion\/pos-b-10-liquido-caja-x-30-stick-pack\/","og_locale":"es_ES","og_type":"article","og_title":"POS-B-10 l\u00edquido (caja x 30 stick pack) &#8211; Guleben","og_description":"Posbi\u00f3tico metab\u00f3lico funcional. Cuerpo en balance. POS-B-10 es un nutrac\u00e9utico simbi\u00f3tico de uso diario que contiene probi\u00f3ticos tratados t\u00e9rmicamente (a nivel mundial se conocen como posbi\u00f3ticos).","og_url":"https:\/\/guleben.com\/es\/tienda\/digestion\/pos-b-10-liquido-caja-x-30-stick-pack\/","og_site_name":"Guleben","article_publisher":"https:\/\/www.facebook.com\/imfencolombia\/","article_modified_time":"2026-03-27T19:52:49+00:00","og_image":[{"width":1280,"height":1280,"url":"https:\/\/guleben.com\/wp-content\/uploads\/2025\/12\/POS-B-10-liquido-0001.webp","type":"image\/webp"}],"twitter_card":"summary_large_image","twitter_misc":{"Tiempo de lectura":"1 minuto"},"schema":{"@context":"https:\/\/schema.org","@graph":[{"@type":"WebPage","@id":"https:\/\/guleben.com\/tienda\/digestion\/pos-b-10-liquido-caja-x-30-stick-pack\/","url":"https:\/\/guleben.com\/tienda\/digestion\/pos-b-10-liquido-caja-x-30-stick-pack\/","name":"POS-B-10 l\u00edquido (caja x 30 stick pack) &#8211; Guleben","isPartOf":{"@id":"https:\/\/guleben.com\/#website"},"primaryImageOfPage":{"@id":"https:\/\/guleben.com\/tienda\/digestion\/pos-b-10-liquido-caja-x-30-stick-pack\/#primaryimage"},"image":{"@id":"https:\/\/guleben.com\/tienda\/digestion\/pos-b-10-liquido-caja-x-30-stick-pack\/#primaryimage"},"thumbnailUrl":"https:\/\/guleben.com\/wp-content\/uploads\/2025\/12\/POS-B-10-liquido-0001.webp","datePublished":"2025-12-24T14:18:12+00:00","dateModified":"2026-03-27T19:52:49+00:00","description":"Posbi\u00f3tico metab\u00f3lico funcional. Cuerpo en balance. POS-B-10 es un nutrac\u00e9utico simbi\u00f3tico de uso diario que contiene probi\u00f3ticos tratados t\u00e9rmicamente (a nivel mundial se conocen como posbi\u00f3ticos).","breadcrumb":{"@id":"https:\/\/guleben.com\/tienda\/digestion\/pos-b-10-liquido-caja-x-30-stick-pack\/#breadcrumb"},"inLanguage":"es","potentialAction":[{"@type":"ReadAction","target":["https:\/\/guleben.com\/tienda\/digestion\/pos-b-10-liquido-caja-x-30-stick-pack\/"]}]},{"@type":"ImageObject","inLanguage":"es","@id":"https:\/\/guleben.com\/tienda\/digestion\/pos-b-10-liquido-caja-x-30-stick-pack\/#primaryimage","url":"https:\/\/guleben.com\/wp-content\/uploads\/2025\/12\/POS-B-10-liquido-0001.webp","contentUrl":"https:\/\/guleben.com\/wp-content\/uploads\/2025\/12\/POS-B-10-liquido-0001.webp","width":1280,"height":1280},{"@type":"BreadcrumbList","@id":"https:\/\/guleben.com\/tienda\/digestion\/pos-b-10-liquido-caja-x-30-stick-pack\/#breadcrumb","itemListElement":[{"@type":"ListItem","position":1,"name":"Inicio","item":"https:\/\/guleben.com\/"},{"@type":"ListItem","position":2,"name":"Tienda","item":"https:\/\/guleben.com\/tienda\/"},{"@type":"ListItem","position":3,"name":"Digesti\u00f3n","item":"https:\/\/guleben.com\/tienda\/categoria-producto\/digestion\/"},{"@type":"ListItem","position":4,"name":"POS-B-10 l\u00edquido (caja x 30 stick pack)"}]},{"@type":"WebSite","@id":"https:\/\/guleben.com\/#website","url":"https:\/\/guleben.com\/","name":"Guleben","description":"Nutraceutical biotechnology","publisher":{"@id":"https:\/\/guleben.com\/#organization"},"alternateName":"Guleben","potentialAction":[{"@type":"SearchAction","target":{"@type":"EntryPoint","urlTemplate":"https:\/\/guleben.com\/?s={search_term_string}"},"query-input":{"@type":"PropertyValueSpecification","valueRequired":true,"valueName":"search_term_string"}}],"inLanguage":"es"},{"@type":"Organization","@id":"https:\/\/guleben.com\/#organization","name":"Guleben","alternateName":"Guleben","url":"https:\/\/guleben.com\/","logo":{"@type":"ImageObject","inLanguage":"es","@id":"https:\/\/guleben.com\/#\/schema\/logo\/image\/","url":"https:\/\/guleben.com\/wp-content\/uploads\/2026\/03\/Guleben-logo-01.webp","contentUrl":"https:\/\/guleben.com\/wp-content\/uploads\/2026\/03\/Guleben-logo-01.webp","width":350,"height":100,"caption":"Guleben"},"image":{"@id":"https:\/\/guleben.com\/#\/schema\/logo\/image\/"},"sameAs":["https:\/\/www.facebook.com\/imfencolombia\/","https:\/\/www.instagram.com\/imfencolombia","https:\/\/www.youtube.com\/@imfencolombia"]}]}},"_links":{"self":[{"href":"https:\/\/guleben.com\/es\/wp-json\/wp\/v2\/product\/22483","targetHints":{"allow":["GET"]}}],"collection":[{"href":"https:\/\/guleben.com\/es\/wp-json\/wp\/v2\/product"}],"about":[{"href":"https:\/\/guleben.com\/es\/wp-json\/wp\/v2\/types\/product"}],"wp:featuredmedia":[{"embeddable":true,"href":"https:\/\/guleben.com\/es\/wp-json\/wp\/v2\/media\/23225"}],"wp:attachment":[{"href":"https:\/\/guleben.com\/es\/wp-json\/wp\/v2\/media?parent=22483"}],"wp:term":[{"taxonomy":"product_brand","embeddable":true,"href":"https:\/\/guleben.com\/es\/wp-json\/wp\/v2\/product_brand?post=22483"},{"taxonomy":"product_cat","embeddable":true,"href":"https:\/\/guleben.com\/es\/wp-json\/wp\/v2\/product_cat?post=22483"},{"taxonomy":"product_tag","embeddable":true,"href":"https:\/\/guleben.com\/es\/wp-json\/wp\/v2\/product_tag?post=22483"}],"curies":[{"name":"wp","href":"https:\/\/api.w.org\/{rel}","templated":true}]}}